{"id":3023,"date":"2024-09-08T11:16:45","date_gmt":"2024-09-08T09:16:45","guid":{"rendered":"https:\/\/snaque.com\/?page_id=3023"},"modified":"2025-03-12T09:26:26","modified_gmt":"2025-03-12T08:26:26","slug":"pause","status":"publish","type":"page","link":"https:\/\/snaque.com\/de\/","title":{"rendered":"Snaque stellt aktiven Gesch\u00e4ftsbetrieb bis auf Weiteres ein"},"content":{"rendered":"<div id='av_section_1'  class='avia-section av-4j7eof-6a357d205f8a9a1225392d00fc928c45 main_color avia-section-huge avia-no-border-styling  avia-builder-el-0  avia-builder-el-no-sibling  avia-bg-style-scroll container_wrap sidebar_right'  ><div class='container av-section-cont-open' ><main  role=\"main\" itemprop=\"mainContentOfPage\"  class='template-page content  av-content-small alpha units'><div class='post-entry post-entry-type-page post-entry-3023'><div class='entry-content-wrapper clearfix'>\n\n<style type=\"text\/css\" data-created_by=\"avia_inline_auto\" id=\"style-css-av-m0z25vzo-55fccfa04158bac1b7080aec9f09667e\">\n#top .av-special-heading.av-m0z25vzo-55fccfa04158bac1b7080aec9f09667e{\npadding-bottom:10px;\n}\nbody .av-special-heading.av-m0z25vzo-55fccfa04158bac1b7080aec9f09667e .av-special-heading-tag .heading-char{\nfont-size:25px;\n}\n.av-special-heading.av-m0z25vzo-55fccfa04158bac1b7080aec9f09667e .av-subheading{\nfont-size:15px;\n}\n<\/style>\n<div  class='av-special-heading av-m0z25vzo-55fccfa04158bac1b7080aec9f09667e av-special-heading-h1 blockquote modern-quote  avia-builder-el-1  el_before_av_three_fifth  avia-builder-el-first '><h1 class='av-special-heading-tag '  itemprop=\"headline\"  >Snaque stellt aktiven Gesch\u00e4ftsbetrieb bis auf Weiteres ein<\/h1><div class=\"special-heading-border\"><div class=\"special-heading-inner-border\"><\/div><\/div><\/div>\n<div  class='flex_column av-4ptbhr-0b21a8baa1f77ba36cbafa9e6f2eff97 av_three_fifth  avia-builder-el-2  el_after_av_heading  el_before_av_two_fifth  first flex_column_div  '     ><p><section  class='av_textblock_section av-m16rv86i-a5a333fcb582d2d42150e9e499595153 '   itemscope=\"itemscope\" itemtype=\"https:\/\/schema.org\/CreativeWork\" ><div class='avia_textblock has-highlight'  itemprop=\"text\" ><p>2020 entstand die Idee zur <em>Snaque Playwall<\/em>: Wenn weniger als 15 % der Menschen in Deutschland ein Digitalabo besitzen, ist das in vielerlei Hinsicht problematisch. <strong>Verlage<\/strong>, insbesondere Lokal- und Regionalverlage, <strong>verlieren nach dem Ende der Print-\u00c4ra wichtige und verl\u00e4ssliche Einnahmen<\/strong>. Gleichzeitig erreicht <strong>Qualit\u00e4tsjournalismus immer weniger Menschen<\/strong>. Dies entwickelt sich im Zeitalter von Fake News und Populismus zunehmend zu einer <strong>Bedrohung f\u00fcr unsere Demokratie<\/strong>.<\/p>\n<p><strong>Journalismus muss gut finanziert sein, aber er muss auch besser zug\u00e4nglich werden<\/strong>. F\u00fcr beide Herausforderungen haben wir mit der <em>Snaque Playwall<\/em> eine L\u00f6sung angeboten.<\/p>\n<p><strong>Unser Produkt kam bei den Leserinnen und Lesern <\/strong><strong>hervorragend an.<\/strong> Die Absprungrate bei Plus-Inhalten mit Paywall nahm im zweistelligen Prozentbereich ab und langfristig konnten sogar mehr Menschen in ein Abo konvertiert werden. Zus\u00e4tzlich erhielten die Verlage durch die Snaque Playwall die M\u00f6glichkeit, ihre Werbeeinnahmen deutlich zu steigern.<\/p>\n<div><\/div>\n<p><strong>Obwohl die Notwendigkeit einer Alternative zur harten Paywall, die t\u00e4glich viele Menschen frustriert, offensichtlich ist und die Erfolge der <em>Snaque Playwall<\/em> bei den Endnutzerinnen und Endnutzer <\/strong><strong>offenkundig sowie nachweisbar sind,<\/strong> begegnete uns eine massive Skepsis in der Verlagswelt. Wir konnten entweder keine \u00c4nderungsbereitschaft feststellen oder fanden uns in einer Schleife der Unverbindlichkeiten und Verz\u00f6gerungen wieder. Prozesse zogen sich \u00fcber Monate, in manchen F\u00e4llen sogar Jahre. Wir mussten feststellen, dass es vielen Verlagen nicht darum ging, Probleme zu l\u00f6sen, sondern potenzielle Probleme zu finden.<\/p>\n<div><\/div>\n<p>Leider ist die Zeit, in der wir als Startup warten k\u00f6nnen, begrenzt. Das zwingt uns dazu, den aktiven Gesch\u00e4ftsbetrieb einzustellen.<\/p>\n<p><strong>Wir bedauern dies sehr, da wir weiterhin von der L\u00f6sung \u00fcberzeugt sind und die Probleme der Finanzierung und Zug\u00e4nglichkeit von Qualit\u00e4tsjournalismus nach wie vor ungel\u00f6st sind.<\/strong><\/p>\n<p>Wir bedanken uns bei allen, die an Snaque geglaubt, uns unterst\u00fctzt und unser L\u00f6sung\u00a0eingesetzt haben. Danke!<\/p>\n<p>\u2013 Henning Tillmann (Gesch\u00e4ftsf\u00fchrer)<br \/>\nf\u00fcr die Snaque GmbH<\/p>\n<\/div><\/section><br \/>\n\n<style type=\"text\/css\" data-created_by=\"avia_inline_auto\" id=\"style-css-av-11cxb-f11b437b217ee93dce6ee11ad6b43b23\">\n#top .hr.hr-invisible.av-11cxb-f11b437b217ee93dce6ee11ad6b43b23{\nheight:50px;\n}\n<\/style>\n<div  class='hr av-11cxb-f11b437b217ee93dce6ee11ad6b43b23 hr-invisible  avia-builder-el-4  el_after_av_textblock  el_before_av_button '><span class='hr-inner '><span class=\"hr-inner-style\"><\/span><\/span><\/div><br \/>\n<div  class='avia-button-wrap av-m16t349l-e729881f81eecefb91cbe75b9b0f6ac7-wrap avia-button-center  avia-builder-el-5  el_after_av_hr  avia-builder-el-last '><a href='https:\/\/snaque.com\/de\/home\/'  class='avia-button av-m16t349l-e729881f81eecefb91cbe75b9b0f6ac7 av-link-btn avia-icon_select-no avia-size-large avia-position-center avia-color-theme-color'   aria-label=\"Zur Startseite\"><span class='avia_iconbox_title' >Zur Startseite<\/span><\/a><\/div><\/p><\/div><div  class='flex_column av-2kotsf-71373aa65eb74a53940de1f404c390e7 av_two_fifth  avia-builder-el-6  el_after_av_three_fifth  avia-builder-el-last  flex_column_div  '     ><p>\n<style type=\"text\/css\" data-created_by=\"avia_inline_auto\" id=\"style-css-av-m186reai-76b4edd21324556204f1dfe2487ced8b\">\n#top .hr.hr-invisible.av-m186reai-76b4edd21324556204f1dfe2487ced8b{\nheight:50px;\n}\n<\/style>\n<div  class='hr av-m186reai-76b4edd21324556204f1dfe2487ced8b hr-invisible  avia-builder-el-7  el_before_av_video  avia-builder-el-first '><span class='hr-inner '><span class=\"hr-inner-style\"><\/span><\/span><\/div><br \/>\n\n<style type=\"text\/css\" data-created_by=\"avia_inline_auto\" id=\"style-css-av-m85ngtec-59239aeb70811e50fea8282f8c3fe5d2\">\n.avia-video.av-m85ngtec-59239aeb70811e50fea8282f8c3fe5d2{\nbackground-image:url(https:\/\/snaque.com\/wp-content\/uploads\/2025\/03\/Snaque_Pause_Thumb.jpg);\n}\n<\/style>\n<div  class='avia-video av-m85ngtec-59239aeb70811e50fea8282f8c3fe5d2 avia-video-9-16 av-preview-image avia-video-load-always avia-video-html5'  itemprop=\"video\" itemtype=\"https:\/\/schema.org\/VideoObject\"  data-original_url='https:\/\/snaque.com\/wp-content\/uploads\/2025\/03\/Snaque_Pause_720p.mp4'><video class='avia_video' poster=\"https:\/\/snaque.com\/wp-content\/uploads\/2025\/03\/Snaque_Pause_Thumb.jpg\"   preload=\"auto\"  controls id='player_3023_1132129764_2147161573'><source src='https:\/\/snaque.com\/wp-content\/uploads\/2025\/03\/Snaque_Pause_720p.mp4' type='video\/mp4' \/><\/video><\/div><\/p><\/div><\/div><\/div><\/main><!-- close content main element --><\/div><\/div><div id='after_section_1'  class='main_color av_default_container_wrap container_wrap sidebar_right'  ><div class='container av-section-cont-open' ><div class='template-page content  av-content-small alpha units'><div class='post-entry post-entry-type-page post-entry-3023'><div class='entry-content-wrapper clearfix'>\n","protected":false},"excerpt":{"rendered":"","protected":false},"author":1,"featured_media":0,"parent":0,"menu_order":0,"comment_status":"closed","ping_status":"closed","template":"","meta":{"footnotes":""},"class_list":["post-3023","page","type-page","status-publish","hentry"],"yoast_head":"<!-- This site is optimized with the Yoast SEO plugin v27.3 - https:\/\/yoast.com\/product\/yoast-seo-wordpress\/ -->\n<title>Snaque stellt aktiven Gesch\u00e4ftsbetrieb bis auf Weiteres ein - Snaque<\/title>\n<meta name=\"robots\" content=\"index, follow, max-snippet:-1, max-image-preview:large, max-video-preview:-1\" \/>\n<link rel=\"canonical\" href=\"https:\/\/snaque.com\/de\/\" \/>\n<meta property=\"og:locale\" content=\"de_DE\" \/>\n<meta property=\"og:type\" content=\"article\" \/>\n<meta property=\"og:title\" content=\"Snaque stellt aktiven Gesch\u00e4ftsbetrieb bis auf Weiteres ein - Snaque\" \/>\n<meta property=\"og:url\" content=\"https:\/\/snaque.com\/de\/\" \/>\n<meta property=\"og:site_name\" content=\"Snaque\" \/>\n<meta property=\"article:modified_time\" content=\"2025-03-12T08:26:26+00:00\" \/>\n<meta property=\"og:image\" content=\"https:\/\/snaque.com\/wp-content\/uploads\/2022\/07\/snaque-logo-og.png\" \/>\n\t<meta property=\"og:image:width\" content=\"2400\" \/>\n\t<meta property=\"og:image:height\" content=\"1260\" \/>\n\t<meta property=\"og:image:type\" content=\"image\/png\" \/>\n<meta name=\"twitter:card\" content=\"summary_large_image\" \/>\n<meta name=\"twitter:label1\" content=\"Gesch\u00e4tzte Lesezeit\" \/>\n\t<meta name=\"twitter:data1\" content=\"2\u00a0Minuten\" \/>\n<script type=\"application\/ld+json\" class=\"yoast-schema-graph\">{\"@context\":\"https:\\\/\\\/schema.org\",\"@graph\":[{\"@type\":\"WebPage\",\"@id\":\"https:\\\/\\\/snaque.com\\\/de\\\/\",\"url\":\"https:\\\/\\\/snaque.com\\\/de\\\/\",\"name\":\"Snaque stellt aktiven Gesch\u00e4ftsbetrieb bis auf Weiteres ein - Snaque\",\"isPartOf\":{\"@id\":\"https:\\\/\\\/snaque.com\\\/de\\\/#website\"},\"datePublished\":\"2024-09-08T09:16:45+00:00\",\"dateModified\":\"2025-03-12T08:26:26+00:00\",\"breadcrumb\":{\"@id\":\"https:\\\/\\\/snaque.com\\\/de\\\/#breadcrumb\"},\"inLanguage\":\"de\",\"potentialAction\":[{\"@type\":\"ReadAction\",\"target\":[\"https:\\\/\\\/snaque.com\\\/de\\\/\"]}]},{\"@type\":\"BreadcrumbList\",\"@id\":\"https:\\\/\\\/snaque.com\\\/de\\\/#breadcrumb\",\"itemListElement\":[{\"@type\":\"ListItem\",\"position\":1,\"name\":\"Startseite\",\"item\":\"https:\\\/\\\/snaque.com\\\/de\\\/pause\\\/\"},{\"@type\":\"ListItem\",\"position\":2,\"name\":\"Snaque stellt aktiven Gesch\u00e4ftsbetrieb bis auf Weiteres ein\"}]},{\"@type\":\"WebSite\",\"@id\":\"https:\\\/\\\/snaque.com\\\/de\\\/#website\",\"url\":\"https:\\\/\\\/snaque.com\\\/de\\\/\",\"name\":\"Snaque\",\"description\":\"Monetize Content &amp; Engage Customers in a Snackable Way\",\"publisher\":{\"@id\":\"https:\\\/\\\/snaque.com\\\/de\\\/#organization\"},\"potentialAction\":[{\"@type\":\"SearchAction\",\"target\":{\"@type\":\"EntryPoint\",\"urlTemplate\":\"https:\\\/\\\/snaque.com\\\/de\\\/?s={search_term_string}\"},\"query-input\":{\"@type\":\"PropertyValueSpecification\",\"valueRequired\":true,\"valueName\":\"search_term_string\"}}],\"inLanguage\":\"de\"},{\"@type\":\"Organization\",\"@id\":\"https:\\\/\\\/snaque.com\\\/de\\\/#organization\",\"name\":\"Snaque GmbH\",\"url\":\"https:\\\/\\\/snaque.com\\\/de\\\/\",\"logo\":{\"@type\":\"ImageObject\",\"inLanguage\":\"de\",\"@id\":\"https:\\\/\\\/snaque.com\\\/de\\\/#\\\/schema\\\/logo\\\/image\\\/\",\"url\":\"https:\\\/\\\/snaque.com\\\/wp-content\\\/uploads\\\/2021\\\/07\\\/snaque-logo@2x.png\",\"contentUrl\":\"https:\\\/\\\/snaque.com\\\/wp-content\\\/uploads\\\/2021\\\/07\\\/snaque-logo@2x.png\",\"width\":1232,\"height\":381,\"caption\":\"Snaque GmbH\"},\"image\":{\"@id\":\"https:\\\/\\\/snaque.com\\\/de\\\/#\\\/schema\\\/logo\\\/image\\\/\"}}]}<\/script>\n<!-- \/ Yoast SEO plugin. -->","yoast_head_json":{"title":"Snaque stellt aktiven Gesch\u00e4ftsbetrieb bis auf Weiteres ein - Snaque","robots":{"index":"index","follow":"follow","max-snippet":"max-snippet:-1","max-image-preview":"max-image-preview:large","max-video-preview":"max-video-preview:-1"},"canonical":"https:\/\/snaque.com\/de\/","og_locale":"de_DE","og_type":"article","og_title":"Snaque stellt aktiven Gesch\u00e4ftsbetrieb bis auf Weiteres ein - Snaque","og_url":"https:\/\/snaque.com\/de\/","og_site_name":"Snaque","article_modified_time":"2025-03-12T08:26:26+00:00","og_image":[{"width":2400,"height":1260,"url":"https:\/\/snaque.com\/wp-content\/uploads\/2022\/07\/snaque-logo-og.png","type":"image\/png"}],"twitter_card":"summary_large_image","twitter_misc":{"Gesch\u00e4tzte Lesezeit":"2\u00a0Minuten"},"schema":{"@context":"https:\/\/schema.org","@graph":[{"@type":"WebPage","@id":"https:\/\/snaque.com\/de\/","url":"https:\/\/snaque.com\/de\/","name":"Snaque stellt aktiven Gesch\u00e4ftsbetrieb bis auf Weiteres ein - Snaque","isPartOf":{"@id":"https:\/\/snaque.com\/de\/#website"},"datePublished":"2024-09-08T09:16:45+00:00","dateModified":"2025-03-12T08:26:26+00:00","breadcrumb":{"@id":"https:\/\/snaque.com\/de\/#breadcrumb"},"inLanguage":"de","potentialAction":[{"@type":"ReadAction","target":["https:\/\/snaque.com\/de\/"]}]},{"@type":"BreadcrumbList","@id":"https:\/\/snaque.com\/de\/#breadcrumb","itemListElement":[{"@type":"ListItem","position":1,"name":"Startseite","item":"https:\/\/snaque.com\/de\/pause\/"},{"@type":"ListItem","position":2,"name":"Snaque stellt aktiven Gesch\u00e4ftsbetrieb bis auf Weiteres ein"}]},{"@type":"WebSite","@id":"https:\/\/snaque.com\/de\/#website","url":"https:\/\/snaque.com\/de\/","name":"Snaque","description":"Monetize Content &amp; Engage Customers in a Snackable Way","publisher":{"@id":"https:\/\/snaque.com\/de\/#organization"},"potentialAction":[{"@type":"SearchAction","target":{"@type":"EntryPoint","urlTemplate":"https:\/\/snaque.com\/de\/?s={search_term_string}"},"query-input":{"@type":"PropertyValueSpecification","valueRequired":true,"valueName":"search_term_string"}}],"inLanguage":"de"},{"@type":"Organization","@id":"https:\/\/snaque.com\/de\/#organization","name":"Snaque GmbH","url":"https:\/\/snaque.com\/de\/","logo":{"@type":"ImageObject","inLanguage":"de","@id":"https:\/\/snaque.com\/de\/#\/schema\/logo\/image\/","url":"https:\/\/snaque.com\/wp-content\/uploads\/2021\/07\/snaque-logo@2x.png","contentUrl":"https:\/\/snaque.com\/wp-content\/uploads\/2021\/07\/snaque-logo@2x.png","width":1232,"height":381,"caption":"Snaque GmbH"},"image":{"@id":"https:\/\/snaque.com\/de\/#\/schema\/logo\/image\/"}}]}},"_links":{"self":[{"href":"https:\/\/snaque.com\/de\/wp-json\/wp\/v2\/pages\/3023","targetHints":{"allow":["GET"]}}],"collection":[{"href":"https:\/\/snaque.com\/de\/wp-json\/wp\/v2\/pages"}],"about":[{"href":"https:\/\/snaque.com\/de\/wp-json\/wp\/v2\/types\/page"}],"author":[{"embeddable":true,"href":"https:\/\/snaque.com\/de\/wp-json\/wp\/v2\/users\/1"}],"replies":[{"embeddable":true,"href":"https:\/\/snaque.com\/de\/wp-json\/wp\/v2\/comments?post=3023"}],"version-history":[{"count":16,"href":"https:\/\/snaque.com\/de\/wp-json\/wp\/v2\/pages\/3023\/revisions"}],"predecessor-version":[{"id":3072,"href":"https:\/\/snaque.com\/de\/wp-json\/wp\/v2\/pages\/3023\/revisions\/3072"}],"wp:attachment":[{"href":"https:\/\/snaque.com\/de\/wp-json\/wp\/v2\/media?parent=3023"}],"curies":[{"name":"wp","href":"https:\/\/api.w.org\/{rel}","templated":true}]}}