{"id":880,"date":"2022-07-05T13:11:51","date_gmt":"2022-07-05T11:11:51","guid":{"rendered":"https:\/\/snaque.com\/?page_id=880"},"modified":"2022-07-11T12:54:20","modified_gmt":"2022-07-11T10:54:20","slug":"leserinnen","status":"publish","type":"page","link":"https:\/\/snaque.com\/de\/leserinnen\/","title":{"rendered":"Leser:innen"},"content":{"rendered":"\n<style type=\"text\/css\" data-created_by=\"avia_inline_auto\" id=\"style-css-av-rqkzc-f7824c6321cc371bf994e5b90f6c35fa\">\n.avia-section.av-rqkzc-f7824c6321cc371bf994e5b90f6c35fa{\nbackground-color:#cc00cc;\nbackground:linear-gradient( to bottom right, #cc00cc, #f0ad00 );\n}\n<\/style>\n<div id='av_section_1'  class='avia-section av-rqkzc-f7824c6321cc371bf994e5b90f6c35fa main_color avia-section-default avia-no-border-styling  avia-builder-el-0  el_before_av_hr  avia-builder-el-first  avia-bg-style-scroll av-minimum-height av-minimum-height-50 av-height-50  container_wrap sidebar_right'   data-av_minimum_height_pc='50' data-av_min_height_opt='50'><div class='container av-section-cont-open' ><main  role=\"main\" itemprop=\"mainContentOfPage\"  class='template-page content  av-content-small alpha units'><div class='post-entry post-entry-type-page post-entry-880'><div class='entry-content-wrapper clearfix'>\n<div  class='flex_column av-7jlplc-4e3265443abe8ddf34a14991c4e989a5 av_one_full  avia-builder-el-1  avia-builder-el-no-sibling  first flex_column_div  '     ><p>\n<style type=\"text\/css\" data-created_by=\"avia_inline_auto\" id=\"style-css-av-7cuzxs-203f0561b8c18f2756ad0dc2fcee3ff4\">\n.avia-image-container.av-7cuzxs-203f0561b8c18f2756ad0dc2fcee3ff4 img.avia_image{\nbox-shadow:none;\n}\n.avia-image-container.av-7cuzxs-203f0561b8c18f2756ad0dc2fcee3ff4 .av-image-caption-overlay-center{\ncolor:#ffffff;\n}\n<\/style>\n<div  class='avia-image-container av-7cuzxs-203f0561b8c18f2756ad0dc2fcee3ff4 av-styling- avia-align-center  avia-builder-el-2  el_before_av_heading  avia-builder-el-first  max-width-308'   itemprop=\"image\" itemscope=\"itemscope\" itemtype=\"https:\/\/schema.org\/ImageObject\" ><div class=\"avia-image-container-inner\"><div class=\"avia-image-overlay-wrap\"><img decoding=\"async\" fetchpriority=\"high\" class='wp-image-37 avia-img-lazy-loading-not-37 avia_image ' src=\"https:\/\/snaque.com\/wp-content\/uploads\/2021\/07\/Snaque-Solid@2x.png\" alt='Snaque Logo' title='Snaque Logo'  height=\"381\" width=\"1232\"  itemprop=\"thumbnailUrl\" srcset=\"https:\/\/snaque.com\/wp-content\/uploads\/2021\/07\/Snaque-Solid@2x.png 1232w, https:\/\/snaque.com\/wp-content\/uploads\/2021\/07\/Snaque-Solid@2x-300x93.png 300w, https:\/\/snaque.com\/wp-content\/uploads\/2021\/07\/Snaque-Solid@2x-1030x319.png 1030w, https:\/\/snaque.com\/wp-content\/uploads\/2021\/07\/Snaque-Solid@2x-768x238.png 768w, https:\/\/snaque.com\/wp-content\/uploads\/2021\/07\/Snaque-Solid@2x-705x218.png 705w\" sizes=\"(max-width: 1232px) 100vw, 1232px\" \/><\/div><\/div><\/div><br \/>\n\n<style type=\"text\/css\" data-created_by=\"avia_inline_auto\" id=\"style-css-av-78nyfs-56c08f8c970978faa3bf060f75ba27f5\">\n#top .av-special-heading.av-78nyfs-56c08f8c970978faa3bf060f75ba27f5{\npadding-bottom:10px;\ncolor:#ffffff;\n}\nbody .av-special-heading.av-78nyfs-56c08f8c970978faa3bf060f75ba27f5 .av-special-heading-tag .heading-char{\nfont-size:25px;\n}\n.av-special-heading.av-78nyfs-56c08f8c970978faa3bf060f75ba27f5 .special-heading-inner-border{\nborder-color:#ffffff;\n}\n.av-special-heading.av-78nyfs-56c08f8c970978faa3bf060f75ba27f5 .av-subheading{\nfont-size:15px;\n}\n<\/style>\n<div  class='av-special-heading av-78nyfs-56c08f8c970978faa3bf060f75ba27f5 av-special-heading-h1 custom-color-heading blockquote modern-quote modern-centered  avia-builder-el-3  el_after_av_image  avia-builder-el-last '><h1 class='av-special-heading-tag '  itemprop=\"headline\"  >Kein Abo? Kein Problem!<\/h1><div class='av_custom_color av-subheading av-subheading_below'><p>Snaque macht Leser:innen Premium-Inhalte auch ohne Abo zu zug\u00e4nglich.<\/p>\n<\/div><div class=\"special-heading-border\"><div class=\"special-heading-inner-border\"><\/div><\/div><\/div><\/p><\/div>\n<\/div><\/div><\/main><!-- close content main element --><\/div><\/div><div id='after_section_1'  class='main_color av_default_container_wrap container_wrap sidebar_right'  ><div class='container av-section-cont-open' ><div class='template-page content  av-content-small alpha units'><div class='post-entry post-entry-type-page post-entry-880'><div class='entry-content-wrapper clearfix'>\n<div  class='hr av-71vyhk-db8f4cb10df236a03d8408ddd9e9c3c4 hr-default  avia-builder-el-4  el_after_av_section  el_before_av_layout_row  avia-builder-el-no-sibling '><span class='hr-inner '><span class=\"hr-inner-style\"><\/span><\/span><\/div>\n<\/div><\/div><\/div><!-- close content main div --><\/div><\/div><div id='av-layout-grid-1'  class='av-layout-grid-container av-6v13ww-b67bc2943dd4a6722e13a9ecf10db2ae entry-content-wrapper main_color av-flex-cells  avia-builder-el-5  el_after_av_hr  avia-builder-el-last  grid-row-not-first  container_wrap sidebar_right'  >\n\n<style type=\"text\/css\" data-created_by=\"avia_inline_auto\" id=\"style-css-av-6rq9d4-78bc24e31fd1bc6cff9c4baa97217ef7\">\n.flex_cell.av-6rq9d4-78bc24e31fd1bc6cff9c4baa97217ef7{\nvertical-align:top;\n}\n<\/style>\n<div class='flex_cell av-6rq9d4-78bc24e31fd1bc6cff9c4baa97217ef7 av-gridrow-cell av_one_half no_margin  avia-builder-el-6  el_before_av_cell_one_half  avia-builder-el-first  content-column content-align-top'  ><div class='flex_cell_inner'><p>\n<style type=\"text\/css\" data-created_by=\"avia_inline_auto\" id=\"style-css-av-6ifom0-90f61aa89f29a861d19c3d02740e1f01\">\n#top .av-special-heading.av-6ifom0-90f61aa89f29a861d19c3d02740e1f01{\npadding-bottom:10px;\n}\nbody .av-special-heading.av-6ifom0-90f61aa89f29a861d19c3d02740e1f01 .av-special-heading-tag .heading-char{\nfont-size:25px;\n}\n.av-special-heading.av-6ifom0-90f61aa89f29a861d19c3d02740e1f01 .av-subheading{\nfont-size:15px;\n}\n<\/style>\n<div  class='av-special-heading av-6ifom0-90f61aa89f29a861d19c3d02740e1f01 av-special-heading-h2 blockquote modern-quote  avia-builder-el-7  el_before_av_one_full  avia-builder-el-first '><h2 class='av-special-heading-tag '  itemprop=\"headline\"  >Lust auf mehr Journalismus? Mit Snaque kein Problem!<\/h2><div class=\"special-heading-border\"><div class=\"special-heading-inner-border\"><\/div><\/div><\/div><br \/>\n<div  class='flex_column av-6f9m4o-f0e77c439d60e341186bbc65ef594e15 av_one_full  avia-builder-el-8  el_after_av_heading  avia-builder-el-last  first flex_column_div  '     ><section  class='av_textblock_section av-69no2g-2a2136f6ccb7f4919939ac70865db1b1 '   itemscope=\"itemscope\" itemtype=\"https:\/\/schema.org\/CreativeWork\" ><div class='avia_textblock'  itemprop=\"text\" ><p style=\"font-weight: 400;\">Jeder kennt es: Man entdeckt einen interessanten Artikel und kann ihn mangels Abo nicht lesen. Was tun? Abo abschlie\u00dfen? In den meisten F\u00e4llen ist dies f\u00fcr das eigene Leseverhalten nicht die richtige Option, hat man doch meist bereits 1-2 Abos bei den eigenen &#8222;Stamm-Medien&#8220;. Zumal man nur diesen einen Artikel gerne lesen m\u00f6chte. Das Problem: Bisher gab es keine einfache L\u00f6sung daf\u00fcr. Und man zieht, ohne den Artikel gelesen zu haben, wieder von dannen. Bis jetzt! Mit Snaque lassen sich Artikel nun auch ohne Abo lesen &#8211; schnell, einfach, kostenlos und ganz ohne Tracking.<\/p>\n<h4 style=\"font-weight: 400;\"><strong>Wie Snaque funktioniert<\/strong><\/h4>\n<p style=\"font-weight: 400;\">Verlage, die ihre Webseite an Snaque angebunden haben, bieten neben der klassischen Paywall nun auch die M\u00f6glichkeit der Freischaltung von Premium-Artikeln durch die Snaque Playwall. Das Konzept der Playwall lautet: Play to Pay! Die Playwall ist ein Widget, welches sich durch einen Klick \u00f6ffnet und zur spielerischen Interaktion mit Verlags- oder Markeninhalten aufruft. Nach Abschluss der kurzen Interaktion, l\u00e4sst sich der hinter der Paywall befindliche Artikel lesen &#8211; ganz ohne Abo, Registrierung oder Bezahlung.<\/p>\n<h4 style=\"font-weight: 400;\"><strong>Wie steht\u2019s um Datenschutz?<\/strong><\/h4>\n<p style=\"font-weight: 400;\">Angst um die eigenen Daten muss man bei der Nutzung von Snaque nicht haben. Wir setzen keine Cookies, speichern keine personenbezogenen Daten und tracken Nutzende nicht. Denn der Datenschutz unserer Nutzer:innen liegt uns ganz besonders am Herzen.<\/p>\n<\/div><\/section><\/div><\/p>\n<\/div><\/div>\n<style type=\"text\/css\" data-created_by=\"avia_inline_auto\" id=\"style-css-av-lqmag-88e7e971ed925d4c903cd53c3496d8e9\">\n.flex_cell.av-lqmag-88e7e971ed925d4c903cd53c3496d8e9{\nvertical-align:top;\n}\n<\/style>\n<div class='flex_cell av-lqmag-88e7e971ed925d4c903cd53c3496d8e9 av-gridrow-cell av_one_half no_margin  avia-builder-el-10  el_after_av_cell_one_half  avia-builder-el-last  content-align-top'  ><div class='flex_cell_inner'><p>\n<style type=\"text\/css\" data-created_by=\"avia_inline_auto\" id=\"style-css-av-9vlls-24df1e4647b0227744159faeaad8c3ce\">\n#top .av-special-heading.av-9vlls-24df1e4647b0227744159faeaad8c3ce{\npadding-bottom:10px;\n}\nbody .av-special-heading.av-9vlls-24df1e4647b0227744159faeaad8c3ce .av-special-heading-tag .heading-char{\nfont-size:25px;\n}\n.av-special-heading.av-9vlls-24df1e4647b0227744159faeaad8c3ce .av-subheading{\nfont-size:15px;\n}\n<\/style>\n<div  class='av-special-heading av-9vlls-24df1e4647b0227744159faeaad8c3ce av-special-heading-h2 blockquote modern-quote modern-centered  avia-builder-el-11  el_before_av_one_half  avia-builder-el-first '><h2 class='av-special-heading-tag '  itemprop=\"headline\"  >Vorteile f\u00fcr Leser:innen<\/h2><div class=\"special-heading-border\"><div class=\"special-heading-inner-border\"><\/div><\/div><\/div><br \/>\n<div class='flex_column_table av-5uxx2w-d38f6ee0ea28f2fa382fe62f269c6c7c sc-av_one_half av-equal-height-column-flextable'><div  class='flex_column av-5uxx2w-d38f6ee0ea28f2fa382fe62f269c6c7c av_one_half  avia-builder-el-12  el_after_av_heading  el_before_av_one_half  first flex_column_table_cell av-equal-height-column av-align-top  '     ><style type=\"text\/css\" data-created_by=\"avia_inline_auto\" id=\"style-css-av-5fdryg-6e25914bf48daec015e1d0d87a70eb1b\">\n.iconbox.av-5fdryg-6e25914bf48daec015e1d0d87a70eb1b .iconbox_icon{\nbackground-color:#f5f5f5;\nborder:1px solid #0b020c;\ncolor:#0b020c;\n}\n.iconbox.av-5fdryg-6e25914bf48daec015e1d0d87a70eb1b .iconbox_icon.avia-svg-icon svg:first-child{\nfill:#0b020c;\nstroke:#0b020c;\n}\n<\/style>\n<article  class='iconbox iconbox_top av-5fdryg-6e25914bf48daec015e1d0d87a70eb1b  avia-builder-el-13  avia-builder-el-no-sibling  main_color'  itemscope=\"itemscope\" itemtype=\"https:\/\/schema.org\/CreativeWork\" ><div class=\"iconbox_content\"><header class=\"entry-content-header\" aria-label=\"Icon: Lesen ohne Abo\"><div class='iconbox_icon heading-color avia-iconfont avia-font-entypo-fontello' data-av_icon='\ue84d' data-av_iconfont='entypo-fontello'  ><\/div><h3 class='iconbox_content_title '  itemprop=\"headline\" >Lesen ohne Abo<\/h3><\/header><div class='iconbox_content_container '  itemprop=\"text\" ><p>bei allen teilnehmenden Medien<\/p>\n<\/div><\/div><footer class=\"entry-footer\"><\/footer><\/article><\/div><div class='av-flex-placeholder'><\/div><div  class='flex_column av-5l9otc-2d68601ccef7525e6f66ef28e712f023 av_one_half  avia-builder-el-14  el_after_av_one_half  el_before_av_one_half  flex_column_table_cell av-equal-height-column av-align-top  '     ><style type=\"text\/css\" data-created_by=\"avia_inline_auto\" id=\"style-css-av-5njz08-b7dea5ec30cfdf1e2711cb821da26c1a\">\n.iconbox.av-5njz08-b7dea5ec30cfdf1e2711cb821da26c1a .iconbox_icon{\nbackground-color:#f5f5f5;\nborder:1px solid #0b020c;\ncolor:#0b020c;\n}\n.iconbox.av-5njz08-b7dea5ec30cfdf1e2711cb821da26c1a .iconbox_icon.avia-svg-icon svg:first-child{\nfill:#0b020c;\nstroke:#0b020c;\n}\n<\/style>\n<article  class='iconbox iconbox_top av-5njz08-b7dea5ec30cfdf1e2711cb821da26c1a  avia-builder-el-15  avia-builder-el-no-sibling  main_color'  itemscope=\"itemscope\" itemtype=\"https:\/\/schema.org\/CreativeWork\" ><div class=\"iconbox_content\"><header class=\"entry-content-header\" aria-label=\"Icon: Kein User-Tracking\"><div class='iconbox_icon heading-color avia-iconfont avia-font-entypo-fontello' data-av_icon='\ue814' data-av_iconfont='entypo-fontello'  ><\/div><h3 class='iconbox_content_title '  itemprop=\"headline\" >Kein User-Tracking<\/h3><\/header><div class='iconbox_content_container '  itemprop=\"text\" ><p>Keine Cookies, kein Shadow-Tracking<\/p>\n<\/div><\/div><footer class=\"entry-footer\"><\/footer><\/article><\/div><\/div><!--close column table wrapper. Autoclose: 1 --><div class='flex_column_table av-562iig-938cee7f01db51eac7e7ee0c3ad1d244 sc-av_one_half av-equal-height-column-flextable'><div  class='flex_column av-562iig-938cee7f01db51eac7e7ee0c3ad1d244 av_one_half  avia-builder-el-16  el_after_av_one_half  el_before_av_one_half  first flex_column_table_cell av-equal-height-column av-align-top  column-top-margin'     ><style type=\"text\/css\" data-created_by=\"avia_inline_auto\" id=\"style-css-av-4zhbxk-c8387aaf80b5d912156805d1fc4344b3\">\n.iconbox.av-4zhbxk-c8387aaf80b5d912156805d1fc4344b3 .iconbox_icon{\nbackground-color:#f5f5f5;\nborder:1px solid #0b020c;\ncolor:#0b020c;\n}\n.iconbox.av-4zhbxk-c8387aaf80b5d912156805d1fc4344b3 .iconbox_icon.avia-svg-icon svg:first-child{\nfill:#0b020c;\nstroke:#0b020c;\n}\n<\/style>\n<article  class='iconbox iconbox_top av-4zhbxk-c8387aaf80b5d912156805d1fc4344b3  avia-builder-el-17  avia-builder-el-no-sibling  main_color'  itemscope=\"itemscope\" itemtype=\"https:\/\/schema.org\/CreativeWork\" ><div class=\"iconbox_content\"><header class=\"entry-content-header\" aria-label=\"Icon: Einfach zu nutzen\"><div class='iconbox_icon heading-color avia-iconfont avia-font-entypo-fontello' data-av_icon='\ue82b' data-av_iconfont='entypo-fontello'  ><\/div><h3 class='iconbox_content_title '  itemprop=\"headline\" >Einfach zu nutzen<\/h3><\/header><div class='iconbox_content_container '  itemprop=\"text\" ><p>auf Mobile &amp; Desktop<\/p>\n<\/div><\/div><footer class=\"entry-footer\"><\/footer><\/article><\/div><div class='av-flex-placeholder'><\/div><div  class='flex_column av-4ug7vc-2abc0895f8f2462c24fd2c734b08cfaa av_one_half  avia-builder-el-18  el_after_av_one_half  el_before_av_one_half  flex_column_table_cell av-equal-height-column av-align-top  column-top-margin'     ><style type=\"text\/css\" data-created_by=\"avia_inline_auto\" id=\"style-css-av-gwa20-55d3e91432d7d74850d9446a03fdfeb4\">\n.iconbox.av-gwa20-55d3e91432d7d74850d9446a03fdfeb4 .iconbox_icon{\nbackground-color:#f5f5f5;\nborder:1px solid #0b020c;\ncolor:#0b020c;\n}\n.iconbox.av-gwa20-55d3e91432d7d74850d9446a03fdfeb4 .iconbox_icon.avia-svg-icon svg:first-child{\nfill:#0b020c;\nstroke:#0b020c;\n}\n<\/style>\n<article  class='iconbox iconbox_top av-gwa20-55d3e91432d7d74850d9446a03fdfeb4  avia-builder-el-19  avia-builder-el-no-sibling  main_color'  itemscope=\"itemscope\" itemtype=\"https:\/\/schema.org\/CreativeWork\" ><div class=\"iconbox_content\"><header class=\"entry-content-header\" aria-label=\"Icon: Fair f\u00fcr Medien\"><div class='iconbox_icon heading-color avia-iconfont avia-font-entypo-fontello' data-av_icon='\ue806' data-av_iconfont='entypo-fontello'  ><\/div><h3 class='iconbox_content_title '  itemprop=\"headline\" >Fair f\u00fcr Medien<\/h3><\/header><div class='iconbox_content_container '  itemprop=\"text\" ><p>Journalismus ohne Abo unterst\u00fctzen<\/p>\n<\/div><\/div><footer class=\"entry-footer\"><\/footer><\/article><\/div><\/div><!--close column table wrapper. Autoclose: 1 --><div class='flex_column_table av-4k0d08-84f4126365172840770dbddc53c2a41e sc-av_one_half av-equal-height-column-flextable'><div  class='flex_column av-4k0d08-84f4126365172840770dbddc53c2a41e av_one_half  avia-builder-el-20  el_after_av_one_half  el_before_av_one_half  first flex_column_table_cell av-equal-height-column av-align-top  column-top-margin'     ><style type=\"text\/css\" data-created_by=\"avia_inline_auto\" id=\"style-css-av-4eo6so-8d475413dddf2f20c692039a8cc48f6d\">\n.iconbox.av-4eo6so-8d475413dddf2f20c692039a8cc48f6d .iconbox_icon{\nbackground-color:#f5f5f5;\nborder:1px solid #0b020c;\ncolor:#0b020c;\n}\n.iconbox.av-4eo6so-8d475413dddf2f20c692039a8cc48f6d .iconbox_icon.avia-svg-icon svg:first-child{\nfill:#0b020c;\nstroke:#0b020c;\n}\n<\/style>\n<article  class='iconbox iconbox_top av-4eo6so-8d475413dddf2f20c692039a8cc48f6d  avia-builder-el-21  avia-builder-el-no-sibling  main_color'  itemscope=\"itemscope\" itemtype=\"https:\/\/schema.org\/CreativeWork\" ><div class=\"iconbox_content\"><header class=\"entry-content-header\" aria-label=\"Icon: Spielerische Werbung\"><div class='iconbox_icon heading-color avia-iconfont avia-font-entypo-fontello' data-av_icon='\ue8d2' data-av_iconfont='entypo-fontello'  ><\/div><h3 class='iconbox_content_title '  itemprop=\"headline\" >Spielerische Werbung<\/h3><\/header><div class='iconbox_content_container '  itemprop=\"text\" ><p>die Spa\u00df macht und wirkt<\/p>\n<\/div><\/div><footer class=\"entry-footer\"><\/footer><\/article><\/div><div class='av-flex-placeholder'><\/div><div  class='flex_column av-4aae8o-be7aba24a34329c54722d89df756e10c av_one_half  avia-builder-el-22  el_after_av_one_half  avia-builder-el-last  flex_column_table_cell av-equal-height-column av-align-top  column-top-margin'     ><style type=\"text\/css\" data-created_by=\"avia_inline_auto\" id=\"style-css-av-40p600-48a7530e9720158d5f128f888812209a\">\n.iconbox.av-40p600-48a7530e9720158d5f128f888812209a .iconbox_icon{\nbackground-color:#f5f5f5;\nborder:1px solid #0b020c;\ncolor:#0b020c;\n}\n.iconbox.av-40p600-48a7530e9720158d5f128f888812209a .iconbox_icon.avia-svg-icon svg:first-child{\nfill:#0b020c;\nstroke:#0b020c;\n}\n<\/style>\n<article  class='iconbox iconbox_top av-40p600-48a7530e9720158d5f128f888812209a  avia-builder-el-23  avia-builder-el-no-sibling  main_color'  itemscope=\"itemscope\" itemtype=\"https:\/\/schema.org\/CreativeWork\" ><div class=\"iconbox_content\"><header class=\"entry-content-header\" aria-label=\"Icon: Personalisierte Angebote\"><div class='iconbox_icon heading-color avia-iconfont avia-font-entypo-fontello' data-av_icon='\ue827' data-av_iconfont='entypo-fontello'  ><\/div><h3 class='iconbox_content_title '  itemprop=\"headline\" >Personalisierte Angebote<\/h3><\/header><div class='iconbox_content_container '  itemprop=\"text\" ><p>auf Basis eigener Angaben<\/p>\n<\/div><\/div><footer class=\"entry-footer\"><\/footer><\/article><\/div><\/div><!--close column table wrapper. Autoclose: 1 --><\/p>\n<\/div><\/div><\/div>\n","protected":false},"excerpt":{"rendered":"","protected":false},"author":1,"featured_media":1042,"parent":0,"menu_order":0,"comment_status":"closed","ping_status":"closed","template":"","meta":{"footnotes":""},"class_list":["post-880","page","type-page","status-publish","has-post-thumbnail","hentry"],"yoast_head":"<!-- This site is optimized with the Yoast SEO plugin v27.4 - https:\/\/yoast.com\/product\/yoast-seo-wordpress\/ -->\n<title>Leser:innen - Snaque<\/title>\n<meta name=\"robots\" content=\"index, follow, max-snippet:-1, max-image-preview:large, max-video-preview:-1\" \/>\n<link rel=\"canonical\" href=\"https:\/\/snaque.com\/de\/leserinnen\/\" \/>\n<meta property=\"og:locale\" content=\"de_DE\" \/>\n<meta property=\"og:type\" content=\"article\" \/>\n<meta property=\"og:title\" content=\"Leser:innen - Snaque\" \/>\n<meta property=\"og:url\" content=\"https:\/\/snaque.com\/de\/leserinnen\/\" \/>\n<meta property=\"og:site_name\" content=\"Snaque\" \/>\n<meta property=\"article:modified_time\" content=\"2022-07-11T10:54:20+00:00\" \/>\n<meta property=\"og:image\" content=\"https:\/\/snaque.com\/wp-content\/uploads\/2022\/07\/snaque-logo-og.png\" \/>\n\t<meta property=\"og:image:width\" content=\"2400\" \/>\n\t<meta property=\"og:image:height\" content=\"1260\" \/>\n\t<meta property=\"og:image:type\" content=\"image\/png\" \/>\n<meta name=\"twitter:card\" content=\"summary_large_image\" \/>\n<meta name=\"twitter:label1\" content=\"Gesch\u00e4tzte Lesezeit\" \/>\n\t<meta name=\"twitter:data1\" content=\"9\u00a0Minuten\" \/>\n<script type=\"application\/ld+json\" class=\"yoast-schema-graph\">{\"@context\":\"https:\\\/\\\/schema.org\",\"@graph\":[{\"@type\":\"WebPage\",\"@id\":\"https:\\\/\\\/snaque.com\\\/de\\\/leserinnen\\\/\",\"url\":\"https:\\\/\\\/snaque.com\\\/de\\\/leserinnen\\\/\",\"name\":\"Leser:innen - Snaque\",\"isPartOf\":{\"@id\":\"https:\\\/\\\/snaque.com\\\/de\\\/#website\"},\"primaryImageOfPage\":{\"@id\":\"https:\\\/\\\/snaque.com\\\/de\\\/leserinnen\\\/#primaryimage\"},\"image\":{\"@id\":\"https:\\\/\\\/snaque.com\\\/de\\\/leserinnen\\\/#primaryimage\"},\"thumbnailUrl\":\"https:\\\/\\\/snaque.com\\\/wp-content\\\/uploads\\\/2022\\\/07\\\/snaque-logo-og.png\",\"datePublished\":\"2022-07-05T11:11:51+00:00\",\"dateModified\":\"2022-07-11T10:54:20+00:00\",\"breadcrumb\":{\"@id\":\"https:\\\/\\\/snaque.com\\\/de\\\/leserinnen\\\/#breadcrumb\"},\"inLanguage\":\"de\",\"potentialAction\":[{\"@type\":\"ReadAction\",\"target\":[\"https:\\\/\\\/snaque.com\\\/de\\\/leserinnen\\\/\"]}]},{\"@type\":\"ImageObject\",\"inLanguage\":\"de\",\"@id\":\"https:\\\/\\\/snaque.com\\\/de\\\/leserinnen\\\/#primaryimage\",\"url\":\"https:\\\/\\\/snaque.com\\\/wp-content\\\/uploads\\\/2022\\\/07\\\/snaque-logo-og.png\",\"contentUrl\":\"https:\\\/\\\/snaque.com\\\/wp-content\\\/uploads\\\/2022\\\/07\\\/snaque-logo-og.png\",\"width\":2400,\"height\":1260,\"caption\":\"Snaque Logo\"},{\"@type\":\"BreadcrumbList\",\"@id\":\"https:\\\/\\\/snaque.com\\\/de\\\/leserinnen\\\/#breadcrumb\",\"itemListElement\":[{\"@type\":\"ListItem\",\"position\":1,\"name\":\"Startseite\",\"item\":\"https:\\\/\\\/snaque.com\\\/de\\\/pause\\\/\"},{\"@type\":\"ListItem\",\"position\":2,\"name\":\"Leser:innen\"}]},{\"@type\":\"WebSite\",\"@id\":\"https:\\\/\\\/snaque.com\\\/de\\\/#website\",\"url\":\"https:\\\/\\\/snaque.com\\\/de\\\/\",\"name\":\"Snaque\",\"description\":\"Monetize Content &amp; Engage Customers in a Snackable Way\",\"publisher\":{\"@id\":\"https:\\\/\\\/snaque.com\\\/de\\\/#organization\"},\"potentialAction\":[{\"@type\":\"SearchAction\",\"target\":{\"@type\":\"EntryPoint\",\"urlTemplate\":\"https:\\\/\\\/snaque.com\\\/de\\\/?s={search_term_string}\"},\"query-input\":{\"@type\":\"PropertyValueSpecification\",\"valueRequired\":true,\"valueName\":\"search_term_string\"}}],\"inLanguage\":\"de\"},{\"@type\":\"Organization\",\"@id\":\"https:\\\/\\\/snaque.com\\\/de\\\/#organization\",\"name\":\"Snaque GmbH\",\"url\":\"https:\\\/\\\/snaque.com\\\/de\\\/\",\"logo\":{\"@type\":\"ImageObject\",\"inLanguage\":\"de\",\"@id\":\"https:\\\/\\\/snaque.com\\\/de\\\/#\\\/schema\\\/logo\\\/image\\\/\",\"url\":\"https:\\\/\\\/snaque.com\\\/wp-content\\\/uploads\\\/2021\\\/07\\\/snaque-logo@2x.png\",\"contentUrl\":\"https:\\\/\\\/snaque.com\\\/wp-content\\\/uploads\\\/2021\\\/07\\\/snaque-logo@2x.png\",\"width\":1232,\"height\":381,\"caption\":\"Snaque GmbH\"},\"image\":{\"@id\":\"https:\\\/\\\/snaque.com\\\/de\\\/#\\\/schema\\\/logo\\\/image\\\/\"}}]}<\/script>\n<!-- \/ Yoast SEO plugin. -->","yoast_head_json":{"title":"Leser:innen - Snaque","robots":{"index":"index","follow":"follow","max-snippet":"max-snippet:-1","max-image-preview":"max-image-preview:large","max-video-preview":"max-video-preview:-1"},"canonical":"https:\/\/snaque.com\/de\/leserinnen\/","og_locale":"de_DE","og_type":"article","og_title":"Leser:innen - Snaque","og_url":"https:\/\/snaque.com\/de\/leserinnen\/","og_site_name":"Snaque","article_modified_time":"2022-07-11T10:54:20+00:00","og_image":[{"width":2400,"height":1260,"url":"https:\/\/snaque.com\/wp-content\/uploads\/2022\/07\/snaque-logo-og.png","type":"image\/png"}],"twitter_card":"summary_large_image","twitter_misc":{"Gesch\u00e4tzte Lesezeit":"9\u00a0Minuten"},"schema":{"@context":"https:\/\/schema.org","@graph":[{"@type":"WebPage","@id":"https:\/\/snaque.com\/de\/leserinnen\/","url":"https:\/\/snaque.com\/de\/leserinnen\/","name":"Leser:innen - Snaque","isPartOf":{"@id":"https:\/\/snaque.com\/de\/#website"},"primaryImageOfPage":{"@id":"https:\/\/snaque.com\/de\/leserinnen\/#primaryimage"},"image":{"@id":"https:\/\/snaque.com\/de\/leserinnen\/#primaryimage"},"thumbnailUrl":"https:\/\/snaque.com\/wp-content\/uploads\/2022\/07\/snaque-logo-og.png","datePublished":"2022-07-05T11:11:51+00:00","dateModified":"2022-07-11T10:54:20+00:00","breadcrumb":{"@id":"https:\/\/snaque.com\/de\/leserinnen\/#breadcrumb"},"inLanguage":"de","potentialAction":[{"@type":"ReadAction","target":["https:\/\/snaque.com\/de\/leserinnen\/"]}]},{"@type":"ImageObject","inLanguage":"de","@id":"https:\/\/snaque.com\/de\/leserinnen\/#primaryimage","url":"https:\/\/snaque.com\/wp-content\/uploads\/2022\/07\/snaque-logo-og.png","contentUrl":"https:\/\/snaque.com\/wp-content\/uploads\/2022\/07\/snaque-logo-og.png","width":2400,"height":1260,"caption":"Snaque Logo"},{"@type":"BreadcrumbList","@id":"https:\/\/snaque.com\/de\/leserinnen\/#breadcrumb","itemListElement":[{"@type":"ListItem","position":1,"name":"Startseite","item":"https:\/\/snaque.com\/de\/pause\/"},{"@type":"ListItem","position":2,"name":"Leser:innen"}]},{"@type":"WebSite","@id":"https:\/\/snaque.com\/de\/#website","url":"https:\/\/snaque.com\/de\/","name":"Snaque","description":"Monetize Content &amp; Engage Customers in a Snackable Way","publisher":{"@id":"https:\/\/snaque.com\/de\/#organization"},"potentialAction":[{"@type":"SearchAction","target":{"@type":"EntryPoint","urlTemplate":"https:\/\/snaque.com\/de\/?s={search_term_string}"},"query-input":{"@type":"PropertyValueSpecification","valueRequired":true,"valueName":"search_term_string"}}],"inLanguage":"de"},{"@type":"Organization","@id":"https:\/\/snaque.com\/de\/#organization","name":"Snaque GmbH","url":"https:\/\/snaque.com\/de\/","logo":{"@type":"ImageObject","inLanguage":"de","@id":"https:\/\/snaque.com\/de\/#\/schema\/logo\/image\/","url":"https:\/\/snaque.com\/wp-content\/uploads\/2021\/07\/snaque-logo@2x.png","contentUrl":"https:\/\/snaque.com\/wp-content\/uploads\/2021\/07\/snaque-logo@2x.png","width":1232,"height":381,"caption":"Snaque GmbH"},"image":{"@id":"https:\/\/snaque.com\/de\/#\/schema\/logo\/image\/"}}]}},"_links":{"self":[{"href":"https:\/\/snaque.com\/de\/wp-json\/wp\/v2\/pages\/880","targetHints":{"allow":["GET"]}}],"collection":[{"href":"https:\/\/snaque.com\/de\/wp-json\/wp\/v2\/pages"}],"about":[{"href":"https:\/\/snaque.com\/de\/wp-json\/wp\/v2\/types\/page"}],"author":[{"embeddable":true,"href":"https:\/\/snaque.com\/de\/wp-json\/wp\/v2\/users\/1"}],"replies":[{"embeddable":true,"href":"https:\/\/snaque.com\/de\/wp-json\/wp\/v2\/comments?post=880"}],"version-history":[{"count":15,"href":"https:\/\/snaque.com\/de\/wp-json\/wp\/v2\/pages\/880\/revisions"}],"predecessor-version":[{"id":1344,"href":"https:\/\/snaque.com\/de\/wp-json\/wp\/v2\/pages\/880\/revisions\/1344"}],"wp:featuredmedia":[{"embeddable":true,"href":"https:\/\/snaque.com\/de\/wp-json\/wp\/v2\/media\/1042"}],"wp:attachment":[{"href":"https:\/\/snaque.com\/de\/wp-json\/wp\/v2\/media?parent=880"}],"curies":[{"name":"wp","href":"https:\/\/api.w.org\/{rel}","templated":true}]}}